{"id":2,"date":"2026-02-04T21:19:28","date_gmt":"2026-02-04T21:19:28","guid":{"rendered":"http:\/\/photoclub-hshn.be\/?page_id=2"},"modified":"2026-02-18T17:41:55","modified_gmt":"2026-02-18T15:41:55","slug":"presentation","status":"publish","type":"page","link":"https:\/\/photoclub-hshn.be\/","title":{"rendered":"Pr\u00e9sentation du Photo Club de Ham\u2011sur\u2011Heure\u2011Nalinnes"},"content":{"rendered":"\n<p>Le Photo Club de Ham\u2011sur\u2011Heure\u2011Nalinnes rassemble des passionn\u00e9s d\u2019image, d\u00e9butants comme confirm\u00e9s, qui souhaitent progresser, partager leurs connaissances et d\u00e9velopper leur regard photographique dans une ambiance conviviale.<\/p>\n\n\n\n<p>Chaque rencontre est l\u2019occasion d\u2019explorer un th\u00e8me, d\u2019exp\u00e9rimenter de nouvelles techniques et d\u2019\u00e9changer autour de nos images. Que vous souhaitiez apprendre les bases, perfectionner votre pratique ou simplement partager votre passion, vous \u00eates les bienvenus.<\/p>\n\n\n\n<figure class=\"wp-block-image aligncenter size-large\"><img loading=\"lazy\" decoding=\"async\" width=\"1024\" height=\"683\" src=\"http:\/\/photoclub-hshn.be\/wp-content\/uploads\/2026\/02\/20250918-1P8A4527.jpg_compressed-1024x683.jpeg\" alt=\"\" class=\"wp-image-9\" srcset=\"https:\/\/photoclub-hshn.be\/wp-content\/uploads\/2026\/02\/20250918-1P8A4527.jpg_compressed-1024x683.jpeg 1024w, https:\/\/photoclub-hshn.be\/wp-content\/uploads\/2026\/02\/20250918-1P8A4527.jpg_compressed-300x200.jpeg 300w, https:\/\/photoclub-hshn.be\/wp-content\/uploads\/2026\/02\/20250918-1P8A4527.jpg_compressed-768x512.jpeg 768w, https:\/\/photoclub-hshn.be\/wp-content\/uploads\/2026\/02\/20250918-1P8A4527.jpg_compressed-1536x1024.jpeg 1536w, https:\/\/photoclub-hshn.be\/wp-content\/uploads\/2026\/02\/20250918-1P8A4527.jpg_compressed.jpeg 1920w\" sizes=\"auto, (max-width: 1024px) 100vw, 1024px\" \/><\/figure>\n","protected":false},"excerpt":{"rendered":"<p>Le Photo Club de Ham\u2011sur\u2011Heure\u2011Nalinnes rassemble des passionn\u00e9s d\u2019image, d\u00e9butants comme confirm\u00e9s, qui souhaitent progresser, partager leurs connaissances et d\u00e9velopper [&hellip;]<\/p>\n","protected":false},"author":1,"featured_media":0,"parent":0,"menu_order":0,"comment_status":"closed","ping_status":"closed","template":"","meta":{"site-sidebar-layout":"default","site-content-layout":"","ast-site-content-layout":"default","site-content-style":"default","site-sidebar-style":"default","ast-global-header-display":"","ast-banner-title-visibility":"","ast-main-header-display":"","ast-hfb-above-header-display":"","ast-hfb-below-header-display":"","ast-hfb-mobile-header-display":"","site-post-title":"","ast-breadcrumbs-content":"","ast-featured-img":"","footer-sml-layout":"","ast-disable-related-posts":"","theme-transparent-header-meta":"","adv-header-id-meta":"","stick-header-meta":"","header-above-stick-meta":"","header-main-stick-meta":"","header-below-stick-meta":"","astra-migrate-meta-layouts":"default","ast-page-background-enabled":"default","ast-page-background-meta":{"desktop":{"background-color":"var(--ast-global-color-5)","background-image":"","background-repeat":"repeat","background-position":"center center","background-size":"auto","background-attachment":"scroll","background-type":"","background-media":"","overlay-type":"","overlay-color":"","overlay-opacity":"","overlay-gradient":""},"tablet":{"background-color":"","background-image":"","background-repeat":"repeat","background-position":"center center","background-size":"auto","background-attachment":"scroll","background-type":"","background-media":"","overlay-type":"","overlay-color":"","overlay-opacity":"","overlay-gradient":""},"mobile":{"background-color":"","background-image":"","background-repeat":"repeat","background-position":"center center","background-size":"auto","background-attachment":"scroll","background-type":"","background-media":"","overlay-type":"","overlay-color":"","overlay-opacity":"","overlay-gradient":""}},"ast-content-background-meta":{"desktop":{"background-color":"var(--ast-global-color-4)","background-image":"","background-repeat":"repeat","background-position":"center center","background-size":"auto","background-attachment":"scroll","background-type":"","background-media":"","overlay-type":"","overlay-color":"","overlay-opacity":"","overlay-gradient":""},"tablet":{"background-color":"var(--ast-global-color-4)","background-image":"","background-repeat":"repeat","background-position":"center center","background-size":"auto","background-attachment":"scroll","background-type":"","background-media":"","overlay-type":"","overlay-color":"","overlay-opacity":"","overlay-gradient":""},"mobile":{"background-color":"var(--ast-global-color-4)","background-image":"","background-repeat":"repeat","background-position":"center center","background-size":"auto","background-attachment":"scroll","background-type":"","background-media":"","overlay-type":"","overlay-color":"","overlay-opacity":"","overlay-gradient":""}},"footnotes":""},"class_list":["post-2","page","type-page","status-publish","hentry"],"_links":{"self":[{"href":"https:\/\/photoclub-hshn.be\/index.php\/wp-json\/wp\/v2\/pages\/2","targetHints":{"allow":["GET"]}}],"collection":[{"href":"https:\/\/photoclub-hshn.be\/index.php\/wp-json\/wp\/v2\/pages"}],"about":[{"href":"https:\/\/photoclub-hshn.be\/index.php\/wp-json\/wp\/v2\/types\/page"}],"author":[{"embeddable":true,"href":"https:\/\/photoclub-hshn.be\/index.php\/wp-json\/wp\/v2\/users\/1"}],"replies":[{"embeddable":true,"href":"https:\/\/photoclub-hshn.be\/index.php\/wp-json\/wp\/v2\/comments?post=2"}],"version-history":[{"count":4,"href":"https:\/\/photoclub-hshn.be\/index.php\/wp-json\/wp\/v2\/pages\/2\/revisions"}],"predecessor-version":[{"id":65,"href":"https:\/\/photoclub-hshn.be\/index.php\/wp-json\/wp\/v2\/pages\/2\/revisions\/65"}],"wp:attachment":[{"href":"https:\/\/photoclub-hshn.be\/index.php\/wp-json\/wp\/v2\/media?parent=2"}],"curies":[{"name":"wp","href":"https:\/\/api.w.org\/{rel}","templated":true}]}}