{"id":31,"date":"2026-02-17T14:04:23","date_gmt":"2026-02-17T12:04:23","guid":{"rendered":"https:\/\/photoclub-hshn.be\/?page_id=31"},"modified":"2026-02-18T17:16:54","modified_gmt":"2026-02-18T15:16:54","slug":"sorties","status":"publish","type":"page","link":"https:\/\/photoclub-hshn.be\/index.php\/sorties\/","title":{"rendered":"En pratique"},"content":{"rendered":"\n<h2 class=\"wp-block-heading\"><strong>Organisation des sorties du Photo Club<\/strong><\/h2>\n\n\n\n<p><\/p>\n\n\n\n<p>Le Photo Club Ham-sur-Heure Nalinnes se veut un lieu d&rsquo;\u00e9change entre passionn\u00e9s de photographie, quels que soient les niveaux et les th\u00e8mes.<\/p>\n\n\n\n<p>Diff\u00e9rents sujets et techniques sont abord\u00e9s durant l\u2019ann\u00e9e, en fonction des souhaits de chacun : photo en studio, reportages, photo de nuit, lightpainting, astrophoto, paysage, architecture ou autre. Des challenges r\u00e9guliers permettront de confronter vos photos sur un th\u00e8me donn\u00e9 \u00e0 celles des autres membres. Le photo club participe \u00e0 plusieurs expositions durant l&rsquo;ann\u00e9e.<\/p>\n\n\n\n<p>Pour les personnes qui s&rsquo;int\u00e9resseraient \u00e0 la photographie et qui souhaiteraient participer \u00e0 nos diff\u00e9rentes activit\u00e9s ou tout simplement apprendre \u00e0 se servir de leur appareil photo pour faire de meilleurs clich\u00e9s, nous organisons 3 r\u00e9unions par mois (y compris vacances et jours f\u00e9ri\u00e9s) :<\/p>\n\n\n\n<p>&#8211; 1er et 3e jeudi du mois, de 19h30 \u00e0 22h : r\u00e9unions \u00ab\u00a0normales\u00a0\u00bb qui peuvent \u00eatre soit des sorties en ext\u00e9rieur, lorsque le temps le permet, des prises de vue en studio, ou d&rsquo;autres activit\u00e9s dans notre local situ\u00e9 \u00e0 Nalinnes, sur la place du centre.<\/p>\n\n\n\n<p>&#8211; 2e jeudi du mois, de 19h30 \u00e0 22h : r\u00e9union \u00ab\u00a0d\u00e9butants\u00a0\u00bb o\u00f9, plut\u00f4t qu&rsquo;un cours qui peut \u00eatre ennuyant, ceux-ci sont directement coach\u00e9s quasi individuellement lors de diff\u00e9rentes prises de vue afin de pouvoir progresser et maitriser leur appareil photo et apprendre la photographie. Les d\u00e9butants peuvent bien entendu participer aux autres r\u00e9unions du club.<\/p>\n\n\n\n<p><\/p>\n\n\n\n<p>Afin de garantir une bonne organisation, <strong>chaque sortie est annonc\u00e9e quelques jours \u00e0 l\u2019avance sur notre page Facebook<\/strong> par le comit\u00e9. Vous y trouverez toutes les informations pratiques : lieu de rendez\u2011vous, th\u00e8me \u00e9ventuel, mat\u00e9riel conseill\u00e9, et autres d\u00e9tails utiles.<br><\/p>\n\n\n\n<p>La cotisation est de 25\u20ac par an.<\/p>\n\n\n\n<p>SI vous souhaitez nous rejoindre, il suffit de nous contacter pour assister gratuitement \u00e0 une de nos r\u00e9unions et d\u00e9cider si cela vous int\u00e9resse ou non.<\/p>\n\n\n\n<p>A bient\u00f4t !!<\/p>\n\n\n\n<p>Afin de garantir une bonne organisation, <strong>chaque sortie est annonc\u00e9e quelques jours \u00e0 l\u2019avance sur notre page Facebook<\/strong> par le comit\u00e9. Vous y trouverez toutes les informations pratiques : lieu de rendez\u2011vous, th\u00e8me \u00e9ventuel, mat\u00e9riel conseill\u00e9, et autres d\u00e9tails utiles.<\/p>\n\n\n\n<p><\/p>\n","protected":false},"excerpt":{"rendered":"<p>Organisation des sorties du Photo Club Le Photo Club Ham-sur-Heure Nalinnes se veut un lieu d&rsquo;\u00e9change entre passionn\u00e9s de photographie, [&hellip;]<\/p>\n","protected":false},"author":1,"featured_media":0,"parent":0,"menu_order":0,"comment_status":"closed","ping_status":"closed","template":"","meta":{"site-sidebar-layout":"default","site-content-layout":"","ast-site-content-layout":"default","site-content-style":"default","site-sidebar-style":"default","ast-global-header-display":"","ast-banner-title-visibility":"","ast-main-header-display":"","ast-hfb-above-header-display":"","ast-hfb-below-header-display":"","ast-hfb-mobile-header-display":"","site-post-title":"","ast-breadcrumbs-content":"","ast-featured-img":"","footer-sml-layout":"","ast-disable-related-posts":"","theme-transparent-header-meta":"","adv-header-id-meta":"","stick-header-meta":"","header-above-stick-meta":"","header-main-stick-meta":"","header-below-stick-meta":"","astra-migrate-meta-layouts":"default","ast-page-background-enabled":"default","ast-page-background-meta":{"desktop":{"background-color":"var(--ast-global-color-5)","background-image":"","background-repeat":"repeat","background-position":"center center","background-size":"auto","background-attachment":"scroll","background-type":"","background-media":"","overlay-type":"","overlay-color":"","overlay-opacity":"","overlay-gradient":""},"tablet":{"background-color":"","background-image":"","background-repeat":"repeat","background-position":"center center","background-size":"auto","background-attachment":"scroll","background-type":"","background-media":"","overlay-type":"","overlay-color":"","overlay-opacity":"","overlay-gradient":""},"mobile":{"background-color":"","background-image":"","background-repeat":"repeat","background-position":"center center","background-size":"auto","background-attachment":"scroll","background-type":"","background-media":"","overlay-type":"","overlay-color":"","overlay-opacity":"","overlay-gradient":""}},"ast-content-background-meta":{"desktop":{"background-color":"var(--ast-global-color-4)","background-image":"","background-repeat":"repeat","background-position":"center center","background-size":"auto","background-attachment":"scroll","background-type":"","background-media":"","overlay-type":"","overlay-color":"","overlay-opacity":"","overlay-gradient":""},"tablet":{"background-color":"var(--ast-global-color-4)","background-image":"","background-repeat":"repeat","background-position":"center center","background-size":"auto","background-attachment":"scroll","background-type":"","background-media":"","overlay-type":"","overlay-color":"","overlay-opacity":"","overlay-gradient":""},"mobile":{"background-color":"var(--ast-global-color-4)","background-image":"","background-repeat":"repeat","background-position":"center center","background-size":"auto","background-attachment":"scroll","background-type":"","background-media":"","overlay-type":"","overlay-color":"","overlay-opacity":"","overlay-gradient":""}},"footnotes":""},"class_list":["post-31","page","type-page","status-publish","hentry"],"_links":{"self":[{"href":"https:\/\/photoclub-hshn.be\/index.php\/wp-json\/wp\/v2\/pages\/31","targetHints":{"allow":["GET"]}}],"collection":[{"href":"https:\/\/photoclub-hshn.be\/index.php\/wp-json\/wp\/v2\/pages"}],"about":[{"href":"https:\/\/photoclub-hshn.be\/index.php\/wp-json\/wp\/v2\/types\/page"}],"author":[{"embeddable":true,"href":"https:\/\/photoclub-hshn.be\/index.php\/wp-json\/wp\/v2\/users\/1"}],"replies":[{"embeddable":true,"href":"https:\/\/photoclub-hshn.be\/index.php\/wp-json\/wp\/v2\/comments?post=31"}],"version-history":[{"count":5,"href":"https:\/\/photoclub-hshn.be\/index.php\/wp-json\/wp\/v2\/pages\/31\/revisions"}],"predecessor-version":[{"id":51,"href":"https:\/\/photoclub-hshn.be\/index.php\/wp-json\/wp\/v2\/pages\/31\/revisions\/51"}],"wp:attachment":[{"href":"https:\/\/photoclub-hshn.be\/index.php\/wp-json\/wp\/v2\/media?parent=31"}],"curies":[{"name":"wp","href":"https:\/\/api.w.org\/{rel}","templated":true}]}}