{"id":34,"date":"2026-02-17T14:06:33","date_gmt":"2026-02-17T12:06:33","guid":{"rendered":"https:\/\/photoclub-hshn.be\/?page_id=34"},"modified":"2026-02-18T17:21:57","modified_gmt":"2026-02-18T15:21:57","slug":"expo-photos","status":"publish","type":"page","link":"https:\/\/photoclub-hshn.be\/index.php\/expo-photos\/","title":{"rendered":"Expo photos"},"content":{"rendered":"\n<h2 class=\"wp-block-heading\"><strong>L\u2019aboutissement : l\u2019impression et les expositions<\/strong><\/h2>\n\n\n\n<p>Au Photo Club de Ham\u2011sur\u2011Heure\u2011Nalinnes, nous accordons une grande importance \u00e0 la finalit\u00e9 du travail photographique. Pour nous, une image prend toute sa valeur lorsqu\u2019elle quitte l\u2019\u00e9cran pour devenir une <strong>impression<\/strong> que l\u2019on peut tenir en main, observer, partager et exposer.<\/p>\n\n\n\n<p>C\u2019est pourquoi nous encourageons chacun \u00e0 imprimer r\u00e9guli\u00e8rement ses photos, \u00e0 tester diff\u00e9rents formats et supports, et \u00e0 d\u00e9velopper un v\u00e9ritable regard sur la mise en valeur de ses \u0153uvres.<\/p>\n\n\n\n<p>Dans cette m\u00eame dynamique, nous essayons d\u2019organiser <strong>une exposition par an<\/strong>. Cet \u00e9v\u00e9nement est l\u2019occasion de pr\u00e9senter le travail des membres, de partager notre passion avec le public et de mettre en lumi\u00e8re la diversit\u00e9 des styles et des sensibilit\u00e9s au sein du club.<\/p>\n\n\n\n<p><\/p>\n\n\n\n<figure class=\"wp-block-image aligncenter size-large\"><img loading=\"lazy\" decoding=\"async\" width=\"683\" height=\"1024\" src=\"https:\/\/photoclub-hshn.be\/wp-content\/uploads\/2026\/02\/2024-05-11-IMG_5794.jpg_compressed-683x1024.jpeg\" alt=\"\" class=\"wp-image-55\" srcset=\"https:\/\/photoclub-hshn.be\/wp-content\/uploads\/2026\/02\/2024-05-11-IMG_5794.jpg_compressed-683x1024.jpeg 683w, https:\/\/photoclub-hshn.be\/wp-content\/uploads\/2026\/02\/2024-05-11-IMG_5794.jpg_compressed-200x300.jpeg 200w, https:\/\/photoclub-hshn.be\/wp-content\/uploads\/2026\/02\/2024-05-11-IMG_5794.jpg_compressed-768x1152.jpeg 768w, https:\/\/photoclub-hshn.be\/wp-content\/uploads\/2026\/02\/2024-05-11-IMG_5794.jpg_compressed-1024x1536.jpeg 1024w, https:\/\/photoclub-hshn.be\/wp-content\/uploads\/2026\/02\/2024-05-11-IMG_5794.jpg_compressed.jpeg 1280w\" sizes=\"auto, (max-width: 683px) 100vw, 683px\" \/><\/figure>\n\n\n\n<figure class=\"wp-block-image aligncenter size-large\"><img loading=\"lazy\" decoding=\"async\" width=\"683\" height=\"1024\" src=\"http:\/\/photoclub-hshn.be\/wp-content\/uploads\/2026\/02\/2024-05-11-IMG_5798.jpg_compressed-683x1024.jpeg\" alt=\"\" class=\"wp-image-52\" srcset=\"https:\/\/photoclub-hshn.be\/wp-content\/uploads\/2026\/02\/2024-05-11-IMG_5798.jpg_compressed-683x1024.jpeg 683w, https:\/\/photoclub-hshn.be\/wp-content\/uploads\/2026\/02\/2024-05-11-IMG_5798.jpg_compressed-200x300.jpeg 200w, https:\/\/photoclub-hshn.be\/wp-content\/uploads\/2026\/02\/2024-05-11-IMG_5798.jpg_compressed-768x1152.jpeg 768w, https:\/\/photoclub-hshn.be\/wp-content\/uploads\/2026\/02\/2024-05-11-IMG_5798.jpg_compressed-1024x1536.jpeg 1024w, https:\/\/photoclub-hshn.be\/wp-content\/uploads\/2026\/02\/2024-05-11-IMG_5798.jpg_compressed.jpeg 1280w\" sizes=\"auto, (max-width: 683px) 100vw, 683px\" \/><\/figure>\n","protected":false},"excerpt":{"rendered":"<p>L\u2019aboutissement : l\u2019impression et les expositions Au Photo Club de Ham\u2011sur\u2011Heure\u2011Nalinnes, nous accordons une grande importance \u00e0 la finalit\u00e9 du [&hellip;]<\/p>\n","protected":false},"author":1,"featured_media":0,"parent":0,"menu_order":0,"comment_status":"closed","ping_status":"closed","template":"","meta":{"site-sidebar-layout":"default","site-content-layout":"","ast-site-content-layout":"default","site-content-style":"default","site-sidebar-style":"default","ast-global-header-display":"","ast-banner-title-visibility":"","ast-main-header-display":"","ast-hfb-above-header-display":"","ast-hfb-below-header-display":"","ast-hfb-mobile-header-display":"","site-post-title":"","ast-breadcrumbs-content":"","ast-featured-img":"","footer-sml-layout":"","ast-disable-related-posts":"","theme-transparent-header-meta":"","adv-header-id-meta":"","stick-header-meta":"","header-above-stick-meta":"","header-main-stick-meta":"","header-below-stick-meta":"","astra-migrate-meta-layouts":"default","ast-page-background-enabled":"default","ast-page-background-meta":{"desktop":{"background-color":"var(--ast-global-color-5)","background-image":"","background-repeat":"repeat","background-position":"center center","background-size":"auto","background-attachment":"scroll","background-type":"","background-media":"","overlay-type":"","overlay-color":"","overlay-opacity":"","overlay-gradient":""},"tablet":{"background-color":"","background-image":"","background-repeat":"repeat","background-position":"center center","background-size":"auto","background-attachment":"scroll","background-type":"","background-media":"","overlay-type":"","overlay-color":"","overlay-opacity":"","overlay-gradient":""},"mobile":{"background-color":"","background-image":"","background-repeat":"repeat","background-position":"center center","background-size":"auto","background-attachment":"scroll","background-type":"","background-media":"","overlay-type":"","overlay-color":"","overlay-opacity":"","overlay-gradient":""}},"ast-content-background-meta":{"desktop":{"background-color":"var(--ast-global-color-4)","background-image":"","background-repeat":"repeat","background-position":"center center","background-size":"auto","background-attachment":"scroll","background-type":"","background-media":"","overlay-type":"","overlay-color":"","overlay-opacity":"","overlay-gradient":""},"tablet":{"background-color":"var(--ast-global-color-4)","background-image":"","background-repeat":"repeat","background-position":"center center","background-size":"auto","background-attachment":"scroll","background-type":"","background-media":"","overlay-type":"","overlay-color":"","overlay-opacity":"","overlay-gradient":""},"mobile":{"background-color":"var(--ast-global-color-4)","background-image":"","background-repeat":"repeat","background-position":"center center","background-size":"auto","background-attachment":"scroll","background-type":"","background-media":"","overlay-type":"","overlay-color":"","overlay-opacity":"","overlay-gradient":""}},"footnotes":""},"class_list":["post-34","page","type-page","status-publish","hentry"],"_links":{"self":[{"href":"https:\/\/photoclub-hshn.be\/index.php\/wp-json\/wp\/v2\/pages\/34","targetHints":{"allow":["GET"]}}],"collection":[{"href":"https:\/\/photoclub-hshn.be\/index.php\/wp-json\/wp\/v2\/pages"}],"about":[{"href":"https:\/\/photoclub-hshn.be\/index.php\/wp-json\/wp\/v2\/types\/page"}],"author":[{"embeddable":true,"href":"https:\/\/photoclub-hshn.be\/index.php\/wp-json\/wp\/v2\/users\/1"}],"replies":[{"embeddable":true,"href":"https:\/\/photoclub-hshn.be\/index.php\/wp-json\/wp\/v2\/comments?post=34"}],"version-history":[{"count":4,"href":"https:\/\/photoclub-hshn.be\/index.php\/wp-json\/wp\/v2\/pages\/34\/revisions"}],"predecessor-version":[{"id":56,"href":"https:\/\/photoclub-hshn.be\/index.php\/wp-json\/wp\/v2\/pages\/34\/revisions\/56"}],"wp:attachment":[{"href":"https:\/\/photoclub-hshn.be\/index.php\/wp-json\/wp\/v2\/media?parent=34"}],"curies":[{"name":"wp","href":"https:\/\/api.w.org\/{rel}","templated":true}]}}