{"id":60,"date":"2026-02-18T17:38:12","date_gmt":"2026-02-18T15:38:12","guid":{"rendered":"https:\/\/photoclub-hshn.be\/?page_id=60"},"modified":"2026-02-18T17:40:43","modified_gmt":"2026-02-18T15:40:43","slug":"contact","status":"publish","type":"page","link":"https:\/\/photoclub-hshn.be\/index.php\/contact\/","title":{"rendered":"Contact"},"content":{"rendered":"\n<p><\/p>\n\n\n\n<h2 class=\"wp-block-heading\">\ud83d\udcf8 Comment contacter et suivre le Photo Club HSHN<\/h2>\n\n\n\n<p>Vous souhaitez poser une question, obtenir des renseignements ou simplement entrer en contact avec notre club\u202f? Plusieurs moyens simples s\u2019offrent \u00e0 vous :<\/p>\n\n\n\n<ul class=\"wp-block-list\">\n<li><strong>Par e\u2011mail<\/strong> : \u00e9crivez\u2011nous \u00e0 <strong><a href=\"mailto:info@photoclub-hshn.be\">info@photoclub-hshn.be<\/a><\/strong>  Nous vous r\u00e9pondrons avec plaisir.<\/li>\n\n\n\n<li><strong>Via notre page Facebook<\/strong> : <strong><a href=\"https:\/\/www.facebook.com\/PhotoClubHSHN\">https:\/\/www.facebook.com\/PhotoClubHSHN<\/a><\/strong> Vous pouvez y suivre nos publications et nous envoyer un message directement.<\/li>\n<\/ul>\n\n\n\n<p>Et si vous souhaitez <strong>\u00eatre inform\u00e9(e) des activit\u00e9s, sorties et actualit\u00e9s du club<\/strong>, vous pouvez \u00e9galement rejoindre notre groupe Facebook d\u00e9di\u00e9 : \ud83d\udc49 <strong><a href=\"https:\/\/www.facebook.com\/groups\/1801912356703073\">https:\/\/www.facebook.com\/groups\/1801912356703073<\/a><\/strong><\/p>\n\n\n\n<p>Nous serons ravis d\u2019\u00e9changer avec vous et de partager notre passion de la photographie.<\/p>\n\n\n\n<p><\/p>\n","protected":false},"excerpt":{"rendered":"<p>\ud83d\udcf8 Comment contacter et suivre le Photo Club HSHN Vous souhaitez poser une question, obtenir des renseignements ou simplement entrer [&hellip;]<\/p>\n","protected":false},"author":1,"featured_media":0,"parent":0,"menu_order":0,"comment_status":"closed","ping_status":"closed","template":"","meta":{"site-sidebar-layout":"default","site-content-layout":"","ast-site-content-layout":"default","site-content-style":"default","site-sidebar-style":"default","ast-global-header-display":"","ast-banner-title-visibility":"","ast-main-header-display":"","ast-hfb-above-header-display":"","ast-hfb-below-header-display":"","ast-hfb-mobile-header-display":"","site-post-title":"","ast-breadcrumbs-content":"","ast-featured-img":"","footer-sml-layout":"","ast-disable-related-posts":"","theme-transparent-header-meta":"","adv-header-id-meta":"","stick-header-meta":"","header-above-stick-meta":"","header-main-stick-meta":"","header-below-stick-meta":"","astra-migrate-meta-layouts":"default","ast-page-background-enabled":"default","ast-page-background-meta":{"desktop":{"background-color":"var(--ast-global-color-5)","background-image":"","background-repeat":"repeat","background-position":"center center","background-size":"auto","background-attachment":"scroll","background-type":"","background-media":"","overlay-type":"","overlay-color":"","overlay-opacity":"","overlay-gradient":""},"tablet":{"background-color":"","background-image":"","background-repeat":"repeat","background-position":"center center","background-size":"auto","background-attachment":"scroll","background-type":"","background-media":"","overlay-type":"","overlay-color":"","overlay-opacity":"","overlay-gradient":""},"mobile":{"background-color":"","background-image":"","background-repeat":"repeat","background-position":"center center","background-size":"auto","background-attachment":"scroll","background-type":"","background-media":"","overlay-type":"","overlay-color":"","overlay-opacity":"","overlay-gradient":""}},"ast-content-background-meta":{"desktop":{"background-color":"var(--ast-global-color-4)","background-image":"","background-repeat":"repeat","background-position":"center center","background-size":"auto","background-attachment":"scroll","background-type":"","background-media":"","overlay-type":"","overlay-color":"","overlay-opacity":"","overlay-gradient":""},"tablet":{"background-color":"var(--ast-global-color-4)","background-image":"","background-repeat":"repeat","background-position":"center center","background-size":"auto","background-attachment":"scroll","background-type":"","background-media":"","overlay-type":"","overlay-color":"","overlay-opacity":"","overlay-gradient":""},"mobile":{"background-color":"var(--ast-global-color-4)","background-image":"","background-repeat":"repeat","background-position":"center center","background-size":"auto","background-attachment":"scroll","background-type":"","background-media":"","overlay-type":"","overlay-color":"","overlay-opacity":"","overlay-gradient":""}},"footnotes":""},"class_list":["post-60","page","type-page","status-publish","hentry"],"_links":{"self":[{"href":"https:\/\/photoclub-hshn.be\/index.php\/wp-json\/wp\/v2\/pages\/60","targetHints":{"allow":["GET"]}}],"collection":[{"href":"https:\/\/photoclub-hshn.be\/index.php\/wp-json\/wp\/v2\/pages"}],"about":[{"href":"https:\/\/photoclub-hshn.be\/index.php\/wp-json\/wp\/v2\/types\/page"}],"author":[{"embeddable":true,"href":"https:\/\/photoclub-hshn.be\/index.php\/wp-json\/wp\/v2\/users\/1"}],"replies":[{"embeddable":true,"href":"https:\/\/photoclub-hshn.be\/index.php\/wp-json\/wp\/v2\/comments?post=60"}],"version-history":[{"count":3,"href":"https:\/\/photoclub-hshn.be\/index.php\/wp-json\/wp\/v2\/pages\/60\/revisions"}],"predecessor-version":[{"id":64,"href":"https:\/\/photoclub-hshn.be\/index.php\/wp-json\/wp\/v2\/pages\/60\/revisions\/64"}],"wp:attachment":[{"href":"https:\/\/photoclub-hshn.be\/index.php\/wp-json\/wp\/v2\/media?parent=60"}],"curies":[{"name":"wp","href":"https:\/\/api.w.org\/{rel}","templated":true}]}}